{"id":32096,"date":"2026-03-17T19:34:28","date_gmt":"2026-03-17T18:34:28","guid":{"rendered":"https:\/\/aquariumsdefrance.fr\/who-we-are\/planet-ocean\/"},"modified":"2026-04-20T16:26:22","modified_gmt":"2026-04-20T14:26:22","slug":"planet-ocean","status":"publish","type":"page","link":"https:\/\/aquariumsdefrance.fr\/en\/who-we-are\/planet-ocean\/","title":{"rendered":"Planet Oc\u00e9an"},"content":{"rendered":"<div class=\"et_pb_section_0 et_pb_section et_pb_fullwidth_section et_section_regular et_block_section heroSlider\">\n<div class=\"et_pb_fullwidth_slider_0 et_pb_slider et_pb_slider_no_arrows et_pb_slider_no_pagination et_slider_auto et_slider_auto_ignore_hover et_slider_speed_5000 et_pb_module slider\"><div class=\"et_pb_slides\">\n<div class=\"et_pb_slide_0 et_pb_slide et_pb_slider_with_overlay et_pb_media_alignment_center et_pb_bg_layout_dark et_pb_section_parallax\" data-slide-id=\"divi\/slide-0\"><span class=\"et-pb-parallax-wrapper\"><span class=\"et-pb-parallax-background et-pb-parallax-background--css et-pb-parallax-background-module--divi-slide-0\" style=\"background-image:url(https:\/\/aquariumsdefrance.fr\/wp-content\/uploads\/2026\/04\/planet-ocean-1.webp)\"><\/span><\/span><div class=\"et_pb_slide_overlay_container\"><\/div><div class=\"et_pb_container\"><div class=\"et_pb_slider_container_inner\"><div class=\"et_pb_slide_description\"><h1 class=\"et_pb_slide_title\">Planet Oc\u00e9an<\/h1><\/div><\/div><\/div><\/div>\n<\/div><\/div>\n\n<div class=\"et_pb_fullwidth_code_0 et_pb_fullwidth_code et_pb_module\"><div class=\"et_pb_code_inner\"><style>body.bodySlider {\n  background-color: #171717;\n}\n.heroSlider .slider .et_pb_container {\n  max-width: none;\n  width: 100%;\n}\n.heroSlider .slider .et_pb_slide {\n  height: 90vh;\n}\n.heroSlider .slider .et_pb_slide_description {\n  padding-left: 0;\n  padding-right: 0;\n}\n\n@media screen and (min-height : 1000px) {\n  .heroSlider .slider .et_pb_slide {\n    height: 83vh;\n  }\n}\n@media screen and (min-height : 1050px) {\n  .heroSlider .slider .et_pb_slide {\n    height: 84vh;\n  }\n}\n@media screen and (min-height : 1100px) {\n  .heroSlider .slider .et_pb_slide {\n    height: 85vh;\n  }\n}\n@media screen and (max-width : 415px) {\n  .heroSlider .slider .et_pb_slide {\n    height: 72vh;\n  }\n}\n@media screen and (max-width : 375px) {\n  .heroSlider .slider .et_pb_slide {\n    height: 69vh;\n  }\n}\n@media screen and (max-width : 320px) {\n  .heroSlider .slider .et_pb_slide {\n    height: 63vh;\n  }\n}\n  \n<\/style><\/div><\/div>\n<\/div>\n\n<div class=\"et_pb_section_1 et_pb_section et_section_regular et_flex_section\">\n<div class=\"et_pb_row_0 et_pb_row et_flex_row\">\n<div class=\"et_pb_column_0 et_pb_column et_flex_column et_pb_css_mix_blend_mode_passthrough et_flex_column_12_24 et_flex_column_12_24_tablet et_flex_column_24_24_phone\">\n<div class=\"et_pb_heading_0 et_pb_heading et_pb_module et_flex_module\"><div class=\"et_pb_heading_container\"><h2 class=\"et_pb_module_header\">Planet Oc\u00e9an Montpellier (34)<\/h2><\/div><\/div>\n\n<div class=\"et_pb_text_0 et_pb_text et_pb_bg_layout_light et_pb_module et_flex_module\"><div class=\"et_pb_text_inner\"><p>Planet Ocean Montpellier est un espace immersif unique d\u00e9di\u00e9 \u00e0 la d\u00e9couverte des oc\u00e9ans et de l\u2019univers.<br \/>Situ\u00e9 au c\u0153ur du quartier Odysseum, il combine aquarium spectaculaire et plan\u00e9tarium innovant pour proposer une exp\u00e9rience \u00e0 la fois ludique et p\u00e9dagogique.<br \/>Les visiteurs explorent des \u00e9cosyst\u00e8mes marins fascinants, croisent requins, manchots et m\u00e9duses, puis voyagent \u00e0 travers les \u00e9toiles gr\u00e2ce \u00e0 des projections scientifiques immersives.<br \/>Con\u00e7u pour tous les publics, Planet Ocean sensibilise aux enjeux environnementaux et \u00e0 la pr\u00e9servation de la biodiversit\u00e9, tout en offrant un moment d\u2019\u00e9merveillement et d\u2019apprentissage accessible et captivant.<\/p>\n<\/div><\/div>\n<\/div>\n\n<div class=\"et_pb_column_1 et_pb_column et-last-child et_flex_column et_pb_css_mix_blend_mode_passthrough et_flex_column_12_24 et_flex_column_12_24_tablet et_flex_column_24_24_phone\">\n<div class=\"et_pb_text_1 et_pb_text et_pb_bg_layout_light et_pb_module et_flex_module carte-membre\"><div class=\"et_pb_text_inner\"><div class=\"leaflet-map WPLeafletMap\" style=\"height:600px; width:100%;\"><\/div><script>\nwindow.WPLeafletMapPlugin = window.WPLeafletMapPlugin || [];\nwindow.WPLeafletMapPlugin.push(function WPLeafletMapShortcode() {\/*<script>*\/\nvar baseUrl = atob('aHR0cHM6Ly90aWxlLm9wZW5zdHJlZXRtYXAub3JnL3t6fS97eH0ve3l9LnBuZw==');\nvar base = (!baseUrl && window.MQ) ?\n    window.MQ.mapLayer() : L.tileLayer(baseUrl,\n        L.Util.extend({}, {\n            detectRetina: 0,\n        },\n        {\"subdomains\":\"abc\",\"noWrap\":false,\"maxZoom\":19}        )\n    );\n    var options = L.Util.extend({}, {\n        layers: [base],\n        attributionControl: false\n    },\n    {\"zoomControl\":true,\"scrollWheelZoom\":false,\"doubleClickZoom\":false,\"fitBounds\":false,\"minZoom\":0,\"maxZoom\":19,\"maxBounds\":null,\"attribution\":\"<a href=\\\"http:\\\/\\\/leafletjs.com\\\" title=\\\"Une biblioth\\u00e8que JS pour des cartes interactives\\\">Leaflet<\\\/a>; \\u00a9 <a href=\\\"http:\\\/\\\/www.openstreetmap.org\\\/copyright\\\">OpenStreetMap<\\\/a> contributeurs\\\/contributrices\"},\n    {});\nwindow.WPLeafletMapPlugin.createMap(options).setView([47.336262084348,2.8125],5);});<\/script>\n<p>&nbsp;<\/p>\n<script>\nwindow.WPLeafletMapPlugin = window.WPLeafletMapPlugin || [];\nwindow.WPLeafletMapPlugin.push(function WPLeafletMarkerShortcode() {\/*<script>*\/\nvar map = window.WPLeafletMapPlugin.getCurrentMap();\nvar group = window.WPLeafletMapPlugin.getCurrentGroup();\nvar marker_options = window.WPLeafletMapPlugin.getIconOptions({});\nvar marker = L.marker(\n    [43.603135356782,3.9166259765625],\n    marker_options\n);\nvar is_image = map.is_image_map;\nif (marker_options.draggable) {\n    marker.on('dragend', function () {\n        var latlng = this.getLatLng();\n        var lat = latlng.lat;\n        var lng = latlng.lng;\n        if (is_image) {\n            console.log('leaflet-marker y=' + lat + ' x=' + lng);\n        } else {\n            console.log('leaflet-marker lat=' + lat + ' lng=' + lng);\n        }\n    });\n}\nmarker.addTo( group );\nmarker.bindPopup(window.WPLeafletMapPlugin.unescape('Planet Oc\u00e9an'));window.WPLeafletMapPlugin.markers.push( marker );\n        });<\/script>\n<\/div><\/div>\n<\/div>\n<\/div>\n<\/div>\n\n<div class=\"et_pb_section_2 et_pb_section et_section_regular et_flex_section\">\n<div class=\"et_pb_row_1 et_pb_row et_flex_row\">\n<div class=\"et_pb_column_2 et_pb_column et_flex_column et_pb_css_mix_blend_mode_passthrough et_flex_column_12_24 et_flex_column_12_24_tablet et_flex_column_24_24_phone\">\n<div class=\"et_pb_row_2 et_pb_row et_pb_row_nested et_flex_row\">\n<div class=\"et_pb_column_3 et_pb_column et_flex_column et_pb_css_mix_blend_mode_passthrough et_flex_column_12_24 et_flex_column_12_24_tablet et_flex_column_24_24_phone\">\n<div class=\"et_pb_image_0 et_pb_image et_pb_module et_flex_module\"><span class=\"et_pb_image_wrap\"><img loading=\"lazy\" decoding=\"async\" src=\"https:\/\/aquariumsdefrance.fr\/wp-content\/uploads\/2026\/03\/planet-ocean-500.webp\" alt=\"Planet Ocean\" title=\"planet-ocean-500\" width=\"500\" height=\"500\" srcset=\"https:\/\/aquariumsdefrance.fr\/wp-content\/uploads\/2026\/03\/planet-ocean-500.webp 500w, https:\/\/aquariumsdefrance.fr\/wp-content\/uploads\/2026\/03\/planet-ocean-500-480x480.webp 480w\" sizes=\"(min-width: 0px) and (max-width: 480px) 480px, (min-width: 481px) 500px, 100vw\" class=\"wp-image-31121\" \/><\/span><\/div>\n<\/div>\n\n<div class=\"et_pb_column_4 et_pb_column et-last-child et_flex_column et_pb_column_empty et_pb_css_mix_blend_mode_passthrough et_flex_column_12_24 et_flex_column_12_24_tablet et_flex_column_24_24_phone\"><\/div>\n<\/div>\n\n<div class=\"et_pb_image_1 et_pb_image et_pb_module et_flex_module\"><span class=\"et_pb_image_wrap\"><img loading=\"lazy\" decoding=\"async\" src=\"https:\/\/aquariumsdefrance.fr\/wp-content\/uploads\/2026\/03\/planet-ocean-ext.webp\" alt=\"planet oc\u00e9an ext\u00e9rieur\" title=\"planet-ocean-ext\" width=\"1200\" height=\"901\" srcset=\"https:\/\/aquariumsdefrance.fr\/wp-content\/uploads\/2026\/03\/planet-ocean-ext.webp 1200w, https:\/\/aquariumsdefrance.fr\/wp-content\/uploads\/2026\/03\/planet-ocean-ext-980x736.webp 980w, https:\/\/aquariumsdefrance.fr\/wp-content\/uploads\/2026\/03\/planet-ocean-ext-480x360.webp 480w\" sizes=\"(min-width: 0px) and (max-width: 480px) 480px, (min-width: 481px) and (max-width: 980px) 980px, (min-width: 981px) 1200px, 100vw\" class=\"wp-image-31502\" \/><\/span><\/div>\n<\/div>\n\n<div class=\"et_pb_column_5 et_pb_column et-last-child et_flex_column et_pb_css_mix_blend_mode_passthrough et_flex_column_12_24 et_flex_column_12_24_tablet et_flex_column_24_24_phone\">\n<div class=\"et_pb_heading_1 et_pb_heading et_pb_module et_flex_module\"><div class=\"et_pb_heading_container\"><h2 class=\"et_pb_module_header\">Coordonn\u00e9es<\/h2><\/div><\/div>\n\n<div class=\"et_pb_blurb_0 et_pb_blurb et_pb_bg_layout_light et_pb_text_align_left et_pb_blurb_position_left et_clickable et_pb_module et_flex_module\"><div class=\"et_pb_blurb_content et_flex_module\"><div class=\"et_pb_main_blurb_image\"><span class=\"et_pb_image_wrap\"><span class=\"et-pb-icon et_animated et_animated\">\uf3c5<\/span><\/span><\/div><div class=\"et_pb_blurb_container\"><div class=\"et_pb_blurb_description\"><p>Centre commercial Odysseum, All\u00e9e Ulysse - 34000 Montpellier<\/p>\n<\/div><\/div><\/div><\/div>\n\n<div class=\"et_pb_blurb_1 et_pb_blurb et_pb_bg_layout_light et_pb_blurb_position_left et_pb_module et_flex_module\"><div class=\"et_pb_blurb_content et_flex_module\"><div class=\"et_pb_main_blurb_image\"><span class=\"et_pb_image_wrap\"><span class=\"et-pb-icon et_animated et_animated\">\ue090<\/span><\/span><\/div><div class=\"et_pb_blurb_container\"><div class=\"et_pb_blurb_description\"><p>+33 4 67 13 05 50<\/p>\n<\/div><\/div><\/div><\/div>\n\n<div class=\"et_pb_blurb_2 et_pb_blurb et_pb_bg_layout_light et_pb_blurb_position_left et_clickable et_pb_module et_flex_module\"><div class=\"et_pb_blurb_content et_flex_module\"><div class=\"et_pb_main_blurb_image\"><span class=\"et_pb_image_wrap\"><span class=\"et-pb-icon et_animated et_animated\">\uf0ac<\/span><\/span><\/div><div class=\"et_pb_blurb_container\"><div class=\"et_pb_blurb_description\"><p>www.planetoceanworld.fr<\/p>\n<\/div><\/div><\/div><\/div>\n\n<ul class=\"et_pb_social_media_follow_0 et_pb_social_media_follow et_pb_bg_layout_light et_pb_module et_flex_module\">\n<li class=\"et_pb_social_media_follow_network_0 et_pb_social_media_follow_network et_pb_social_icon et_pb_social_network_link et-social-facebook et_pb_module et_flex_module\"><a href=\"https:\/\/www.facebook.com\/PlanetOceanMontpellier\/\" class=\"icon\" target=\"_self\" title=\"Follow on Facebook\" rel=\"noopener\"><span class=\"et_pb_social_media_follow_network_name\">Follow<\/span><\/a><\/li>\n\n<li class=\"et_pb_social_media_follow_network_1 et_pb_social_media_follow_network et_pb_social_icon et_pb_social_network_link et-social-instagram et_pb_module et_flex_module\"><a href=\"https:\/\/www.instagram.com\/planet_ocean_montpellier\/\" class=\"icon\" target=\"_self\" title=\"Follow on Instagram\" rel=\"noopener\"><span class=\"et_pb_social_media_follow_network_name\">Follow<\/span><\/a><\/li>\n\n<li class=\"et_pb_social_media_follow_network_2 et_pb_social_media_follow_network et_pb_social_icon et_pb_social_network_link et-social-youtube et_pb_module et_flex_module\"><a href=\"https:\/\/www.youtube.com\/channel\/UCJ-bcacf-lNSJs2KA9G9c4Q\" class=\"icon\" target=\"_self\" title=\"Follow on Youtube\" rel=\"noopener\"><span class=\"et_pb_social_media_follow_network_name\">Follow<\/span><\/a><\/li>\n\n<li class=\"et_pb_social_media_follow_network_3 et_pb_social_media_follow_network et_pb_social_icon et_pb_social_network_link et-pb-social-fa-icon et-social-tiktok et_pb_module et_flex_module\"><a href=\"https:\/\/www.tiktok.com\/@planet_ocean_montpellier\" class=\"icon\" target=\"_self\" title=\"Follow on TikTok\" rel=\"noopener\"><span class=\"et_pb_social_media_follow_network_name\">Follow<\/span><\/a><\/li>\n<\/ul>\n<\/div>\n<\/div>\n<\/div>","protected":false},"excerpt":{"rendered":"","protected":false},"author":2,"featured_media":0,"parent":32009,"menu_order":0,"comment_status":"closed","ping_status":"closed","template":"","meta":{"footnotes":""},"class_list":["post-32096","page","type-page","status-publish","hentry"],"yoast_head":"<!-- This site is optimized with the Yoast SEO plugin v27.4 - https:\/\/yoast.com\/product\/yoast-seo-wordpress\/ -->\n<title>Planet Oc\u00e9an - Membre Aquariums de France<\/title>\n<meta name=\"description\" content=\"D\u00e9couvrez Planet Oc\u00e9an, membre de l&#039;UCA : informations, activit\u00e9s, actualit\u00e9s et engagement environnemental.\" \/>\n<meta name=\"robots\" content=\"index, follow, max-snippet:-1, max-image-preview:large, max-video-preview:-1\" \/>\n<link rel=\"canonical\" href=\"https:\/\/aquariumsdefrance.fr\/en\/who-we-are\/planet-ocean\/\" \/>\n<meta property=\"og:locale\" content=\"en_US\" \/>\n<meta property=\"og:type\" content=\"article\" \/>\n<meta property=\"og:title\" content=\"Planet Oc\u00e9an - Membre Aquariums de France\" \/>\n<meta property=\"og:description\" content=\"D\u00e9couvrez Planet Oc\u00e9an, membre de l&#039;UCA : informations, activit\u00e9s, actualit\u00e9s et engagement environnemental.\" \/>\n<meta property=\"og:url\" content=\"https:\/\/aquariumsdefrance.fr\/en\/who-we-are\/planet-ocean\/\" \/>\n<meta property=\"og:site_name\" content=\"Aquariums de France\" \/>\n<meta property=\"article:publisher\" content=\"https:\/\/www.facebook.com\/aquariumsdefrance\/?locale=fr_FR\" \/>\n<meta property=\"article:modified_time\" content=\"2026-04-20T14:26:22+00:00\" \/>\n<meta name=\"twitter:card\" content=\"summary_large_image\" \/>\n<script type=\"application\/ld+json\" class=\"yoast-schema-graph\">{\"@context\":\"https:\\\/\\\/schema.org\",\"@graph\":[{\"@type\":\"WebPage\",\"@id\":\"https:\\\/\\\/aquariumsdefrance.fr\\\/en\\\/who-we-are\\\/planet-ocean\\\/\",\"url\":\"https:\\\/\\\/aquariumsdefrance.fr\\\/en\\\/who-we-are\\\/planet-ocean\\\/\",\"name\":\"Planet Oc\u00e9an - Membre Aquariums de France\",\"isPartOf\":{\"@id\":\"https:\\\/\\\/aquariumsdefrance.fr\\\/en\\\/#website\"},\"datePublished\":\"2026-03-17T18:34:28+00:00\",\"dateModified\":\"2026-04-20T14:26:22+00:00\",\"description\":\"D\u00e9couvrez Planet Oc\u00e9an, membre de l'UCA : informations, activit\u00e9s, actualit\u00e9s et engagement environnemental.\",\"breadcrumb\":{\"@id\":\"https:\\\/\\\/aquariumsdefrance.fr\\\/en\\\/who-we-are\\\/planet-ocean\\\/#breadcrumb\"},\"inLanguage\":\"en-US\",\"potentialAction\":[{\"@type\":\"ReadAction\",\"target\":[\"https:\\\/\\\/aquariumsdefrance.fr\\\/en\\\/who-we-are\\\/planet-ocean\\\/\"]}]},{\"@type\":\"BreadcrumbList\",\"@id\":\"https:\\\/\\\/aquariumsdefrance.fr\\\/en\\\/who-we-are\\\/planet-ocean\\\/#breadcrumb\",\"itemListElement\":[{\"@type\":\"ListItem\",\"position\":1,\"name\":\"Accueil\",\"item\":\"https:\\\/\\\/aquariumsdefrance.fr\\\/en\\\/\"},{\"@type\":\"ListItem\",\"position\":2,\"name\":\"Who we are\",\"item\":\"https:\\\/\\\/aquariumsdefrance.fr\\\/en\\\/who-we-are\\\/\"},{\"@type\":\"ListItem\",\"position\":3,\"name\":\"Planet Oc\u00e9an\"}]},{\"@type\":\"WebSite\",\"@id\":\"https:\\\/\\\/aquariumsdefrance.fr\\\/en\\\/#website\",\"url\":\"https:\\\/\\\/aquariumsdefrance.fr\\\/en\\\/\",\"name\":\"aquariums de france\",\"description\":\"Aquariums de France, Union des Conservateurs d&#039;Aquariums\",\"publisher\":{\"@id\":\"https:\\\/\\\/aquariumsdefrance.fr\\\/en\\\/#organization\"},\"potentialAction\":[{\"@type\":\"SearchAction\",\"target\":{\"@type\":\"EntryPoint\",\"urlTemplate\":\"https:\\\/\\\/aquariumsdefrance.fr\\\/en\\\/?s={search_term_string}\"},\"query-input\":{\"@type\":\"PropertyValueSpecification\",\"valueRequired\":true,\"valueName\":\"search_term_string\"}}],\"inLanguage\":\"en-US\"},{\"@type\":\"Organization\",\"@id\":\"https:\\\/\\\/aquariumsdefrance.fr\\\/en\\\/#organization\",\"name\":\"WordPress\",\"url\":\"https:\\\/\\\/aquariumsdefrance.fr\\\/en\\\/\",\"logo\":{\"@type\":\"ImageObject\",\"inLanguage\":\"en-US\",\"@id\":\"https:\\\/\\\/aquariumsdefrance.fr\\\/en\\\/#\\\/schema\\\/logo\\\/image\\\/\",\"url\":\"https:\\\/\\\/aquariumsdefrance.fr\\\/wp-content\\\/uploads\\\/2024\\\/09\\\/logo2.png\",\"contentUrl\":\"https:\\\/\\\/aquariumsdefrance.fr\\\/wp-content\\\/uploads\\\/2024\\\/09\\\/logo2.png\",\"width\":400,\"height\":142,\"caption\":\"WordPress\"},\"image\":{\"@id\":\"https:\\\/\\\/aquariumsdefrance.fr\\\/en\\\/#\\\/schema\\\/logo\\\/image\\\/\"},\"sameAs\":[\"https:\\\/\\\/www.facebook.com\\\/aquariumsdefrance\\\/?locale=fr_FR\"]}]}<\/script>\n<!-- \/ Yoast SEO plugin. -->","yoast_head_json":{"title":"Planet Oc\u00e9an - Membre Aquariums de France","description":"D\u00e9couvrez Planet Oc\u00e9an, membre de l'UCA : informations, activit\u00e9s, actualit\u00e9s et engagement environnemental.","robots":{"index":"index","follow":"follow","max-snippet":"max-snippet:-1","max-image-preview":"max-image-preview:large","max-video-preview":"max-video-preview:-1"},"canonical":"https:\/\/aquariumsdefrance.fr\/en\/who-we-are\/planet-ocean\/","og_locale":"en_US","og_type":"article","og_title":"Planet Oc\u00e9an - Membre Aquariums de France","og_description":"D\u00e9couvrez Planet Oc\u00e9an, membre de l'UCA : informations, activit\u00e9s, actualit\u00e9s et engagement environnemental.","og_url":"https:\/\/aquariumsdefrance.fr\/en\/who-we-are\/planet-ocean\/","og_site_name":"Aquariums de France","article_publisher":"https:\/\/www.facebook.com\/aquariumsdefrance\/?locale=fr_FR","article_modified_time":"2026-04-20T14:26:22+00:00","twitter_card":"summary_large_image","schema":{"@context":"https:\/\/schema.org","@graph":[{"@type":"WebPage","@id":"https:\/\/aquariumsdefrance.fr\/en\/who-we-are\/planet-ocean\/","url":"https:\/\/aquariumsdefrance.fr\/en\/who-we-are\/planet-ocean\/","name":"Planet Oc\u00e9an - Membre Aquariums de France","isPartOf":{"@id":"https:\/\/aquariumsdefrance.fr\/en\/#website"},"datePublished":"2026-03-17T18:34:28+00:00","dateModified":"2026-04-20T14:26:22+00:00","description":"D\u00e9couvrez Planet Oc\u00e9an, membre de l'UCA : informations, activit\u00e9s, actualit\u00e9s et engagement environnemental.","breadcrumb":{"@id":"https:\/\/aquariumsdefrance.fr\/en\/who-we-are\/planet-ocean\/#breadcrumb"},"inLanguage":"en-US","potentialAction":[{"@type":"ReadAction","target":["https:\/\/aquariumsdefrance.fr\/en\/who-we-are\/planet-ocean\/"]}]},{"@type":"BreadcrumbList","@id":"https:\/\/aquariumsdefrance.fr\/en\/who-we-are\/planet-ocean\/#breadcrumb","itemListElement":[{"@type":"ListItem","position":1,"name":"Accueil","item":"https:\/\/aquariumsdefrance.fr\/en\/"},{"@type":"ListItem","position":2,"name":"Who we are","item":"https:\/\/aquariumsdefrance.fr\/en\/who-we-are\/"},{"@type":"ListItem","position":3,"name":"Planet Oc\u00e9an"}]},{"@type":"WebSite","@id":"https:\/\/aquariumsdefrance.fr\/en\/#website","url":"https:\/\/aquariumsdefrance.fr\/en\/","name":"aquariums de france","description":"Aquariums de France, Union des Conservateurs d&#039;Aquariums","publisher":{"@id":"https:\/\/aquariumsdefrance.fr\/en\/#organization"},"potentialAction":[{"@type":"SearchAction","target":{"@type":"EntryPoint","urlTemplate":"https:\/\/aquariumsdefrance.fr\/en\/?s={search_term_string}"},"query-input":{"@type":"PropertyValueSpecification","valueRequired":true,"valueName":"search_term_string"}}],"inLanguage":"en-US"},{"@type":"Organization","@id":"https:\/\/aquariumsdefrance.fr\/en\/#organization","name":"WordPress","url":"https:\/\/aquariumsdefrance.fr\/en\/","logo":{"@type":"ImageObject","inLanguage":"en-US","@id":"https:\/\/aquariumsdefrance.fr\/en\/#\/schema\/logo\/image\/","url":"https:\/\/aquariumsdefrance.fr\/wp-content\/uploads\/2024\/09\/logo2.png","contentUrl":"https:\/\/aquariumsdefrance.fr\/wp-content\/uploads\/2024\/09\/logo2.png","width":400,"height":142,"caption":"WordPress"},"image":{"@id":"https:\/\/aquariumsdefrance.fr\/en\/#\/schema\/logo\/image\/"},"sameAs":["https:\/\/www.facebook.com\/aquariumsdefrance\/?locale=fr_FR"]}]}},"_links":{"self":[{"href":"https:\/\/aquariumsdefrance.fr\/en\/wp-json\/wp\/v2\/pages\/32096","targetHints":{"allow":["GET"]}}],"collection":[{"href":"https:\/\/aquariumsdefrance.fr\/en\/wp-json\/wp\/v2\/pages"}],"about":[{"href":"https:\/\/aquariumsdefrance.fr\/en\/wp-json\/wp\/v2\/types\/page"}],"author":[{"embeddable":true,"href":"https:\/\/aquariumsdefrance.fr\/en\/wp-json\/wp\/v2\/users\/2"}],"replies":[{"embeddable":true,"href":"https:\/\/aquariumsdefrance.fr\/en\/wp-json\/wp\/v2\/comments?post=32096"}],"version-history":[{"count":1,"href":"https:\/\/aquariumsdefrance.fr\/en\/wp-json\/wp\/v2\/pages\/32096\/revisions"}],"predecessor-version":[{"id":32097,"href":"https:\/\/aquariumsdefrance.fr\/en\/wp-json\/wp\/v2\/pages\/32096\/revisions\/32097"}],"up":[{"embeddable":true,"href":"https:\/\/aquariumsdefrance.fr\/en\/wp-json\/wp\/v2\/pages\/32009"}],"wp:attachment":[{"href":"https:\/\/aquariumsdefrance.fr\/en\/wp-json\/wp\/v2\/media?parent=32096"}],"curies":[{"name":"wp","href":"https:\/\/api.w.org\/{rel}","templated":true}]}}